{"id":30,"date":"2024-06-10T00:16:25","date_gmt":"2024-06-10T03:16:25","guid":{"rendered":"http:\/\/fbvm.org.br\/?page_id=30"},"modified":"2024-06-10T04:35:51","modified_gmt":"2024-06-10T07:35:51","slug":"noticias","status":"publish","type":"page","link":"https:\/\/fbvm.org.br\/?page_id=30","title":{"rendered":"Not\u00edcias"},"content":{"rendered":"\t\t<div data-elementor-type=\"wp-page\" data-elementor-id=\"30\" class=\"elementor elementor-30\" data-elementor-post-type=\"page\">\n\t\t\t\t<div class=\"elementor-element elementor-element-e065f43 e-flex e-con-boxed e-con e-parent\" data-id=\"e065f43\" data-element_type=\"container\">\n\t\t\t\t\t<div class=\"e-con-inner\">\n\t\t\t\t<div class=\"elementor-element elementor-element-8ce78dd elementor-grid-3 elementor-grid-tablet-2 elementor-grid-mobile-1 elementor-posts--thumbnail-top elementor-card-shadow-yes elementor-posts__hover-gradient load-more-align-center elementor-widget elementor-widget-posts\" data-id=\"8ce78dd\" data-element_type=\"widget\" data-settings=\"{&quot;pagination_type&quot;:&quot;load_more_on_click&quot;,&quot;cards_columns&quot;:&quot;3&quot;,&quot;cards_columns_tablet&quot;:&quot;2&quot;,&quot;cards_columns_mobile&quot;:&quot;1&quot;,&quot;cards_row_gap&quot;:{&quot;unit&quot;:&quot;px&quot;,&quot;size&quot;:35,&quot;sizes&quot;:[]},&quot;cards_row_gap_tablet&quot;:{&quot;unit&quot;:&quot;px&quot;,&quot;size&quot;:&quot;&quot;,&quot;sizes&quot;:[]},&quot;cards_row_gap_mobile&quot;:{&quot;unit&quot;:&quot;px&quot;,&quot;size&quot;:&quot;&quot;,&quot;sizes&quot;:[]},&quot;load_more_spinner&quot;:{&quot;value&quot;:&quot;fas fa-spinner&quot;,&quot;library&quot;:&quot;fa-solid&quot;}}\" data-widget_type=\"posts.cards\">\n\t\t\t\t<div class=\"elementor-widget-container\">\n\t\t\t<link rel=\"stylesheet\" href=\"https:\/\/fbvm.org.br\/wp-content\/plugins\/elementor-pro\/assets\/css\/widget-posts.min.css\">\t\t<div class=\"elementor-posts-container elementor-posts elementor-posts--skin-cards elementor-grid\">\n\t\t\t\t<article class=\"elementor-post elementor-grid-item post-633 post type-post status-publish format-standard has-post-thumbnail hentry category-sem-categoria\">\n\t\t\t<div class=\"elementor-post__card\">\n\t\t\t\t<a class=\"elementor-post__thumbnail__link\" href=\"https:\/\/fbvm.org.br\/?p=633\" tabindex=\"-1\" ><div class=\"elementor-post__thumbnail\"><img fetchpriority=\"high\" decoding=\"async\" width=\"300\" height=\"169\" src=\"https:\/\/fbvm.org.br\/wp-content\/uploads\/2026\/03\/WhatsApp-Image-2026-03-16-at-17.09.19-300x169.jpeg\" class=\"attachment-medium size-medium wp-image-634\" alt=\"\" srcset=\"https:\/\/fbvm.org.br\/wp-content\/uploads\/2026\/03\/WhatsApp-Image-2026-03-16-at-17.09.19-300x169.jpeg 300w, https:\/\/fbvm.org.br\/wp-content\/uploads\/2026\/03\/WhatsApp-Image-2026-03-16-at-17.09.19-1024x576.jpeg 1024w, https:\/\/fbvm.org.br\/wp-content\/uploads\/2026\/03\/WhatsApp-Image-2026-03-16-at-17.09.19-768x432.jpeg 768w, https:\/\/fbvm.org.br\/wp-content\/uploads\/2026\/03\/WhatsApp-Image-2026-03-16-at-17.09.19.jpeg 1280w\" sizes=\"(max-width: 300px) 100vw, 300px\" \/><\/div><\/a>\n\t\t\t\t<div class=\"elementor-post__text\">\n\t\t\t\t<h3 class=\"elementor-post__title\">\n\t\t\t<a href=\"https:\/\/fbvm.org.br\/?p=633\" >\n\t\t\t\tFunda\u00e7\u00e3o Mau\u00e1 inicia Jornada de Capacita\u00e7\u00e3o em S\u00e3o Paulo e refor\u00e7a forma\u00e7\u00e3o de novas lideran\u00e7as pol\u00edticas\t\t\t<\/a>\n\t\t<\/h3>\n\t\t\t\t<div class=\"elementor-post__excerpt\">\n\t\t\t<p>O Centro de Forma\u00e7\u00e3o Pol\u00edtica e Humana da Funda\u00e7\u00e3o Bar\u00e3o e Visconde de Mau\u00e1 realizou, nesta semana, em S\u00e3o Paulo (SP), o primeiro encontro da<\/p>\n\t\t<\/div>\n\t\t\n\t\t<a class=\"elementor-post__read-more\" href=\"https:\/\/fbvm.org.br\/?p=633\" aria-label=\"Read more about Funda\u00e7\u00e3o Mau\u00e1 inicia Jornada de Capacita\u00e7\u00e3o em S\u00e3o Paulo e refor\u00e7a forma\u00e7\u00e3o de novas lideran\u00e7as pol\u00edticas\" tabindex=\"-1\" >\n\t\t\tLer Mais \u00bb\t\t<\/a>\n\n\t\t\t\t<\/div>\n\t\t\t\t<div class=\"elementor-post__meta-data\">\n\t\t\t\t\t<span class=\"elementor-post-date\">\n\t\t\t16 de mar\u00e7o de 2026\t\t<\/span>\n\t\t\t\t<\/div>\n\t\t\t\t\t<\/div>\n\t\t<\/article>\n\t\t\t\t<article class=\"elementor-post elementor-grid-item post-629 post type-post status-publish format-standard has-post-thumbnail hentry category-sem-categoria\">\n\t\t\t<div class=\"elementor-post__card\">\n\t\t\t\t<a class=\"elementor-post__thumbnail__link\" href=\"https:\/\/fbvm.org.br\/?p=629\" tabindex=\"-1\" ><div class=\"elementor-post__thumbnail\"><img decoding=\"async\" width=\"300\" height=\"169\" src=\"https:\/\/fbvm.org.br\/wp-content\/uploads\/2026\/03\/WhatsApp-Image-2026-03-06-at-15.52.17-300x169.jpeg\" class=\"attachment-medium size-medium wp-image-630\" alt=\"\" srcset=\"https:\/\/fbvm.org.br\/wp-content\/uploads\/2026\/03\/WhatsApp-Image-2026-03-06-at-15.52.17-300x169.jpeg 300w, https:\/\/fbvm.org.br\/wp-content\/uploads\/2026\/03\/WhatsApp-Image-2026-03-06-at-15.52.17-1024x576.jpeg 1024w, https:\/\/fbvm.org.br\/wp-content\/uploads\/2026\/03\/WhatsApp-Image-2026-03-06-at-15.52.17-768x432.jpeg 768w, https:\/\/fbvm.org.br\/wp-content\/uploads\/2026\/03\/WhatsApp-Image-2026-03-06-at-15.52.17.jpeg 1280w\" sizes=\"(max-width: 300px) 100vw, 300px\" \/><\/div><\/a>\n\t\t\t\t<div class=\"elementor-post__text\">\n\t\t\t\t<h3 class=\"elementor-post__title\">\n\t\t\t<a href=\"https:\/\/fbvm.org.br\/?p=629\" >\n\t\t\t\tCentro de Forma\u00e7\u00e3o da Funda\u00e7\u00e3o Mau\u00e1 realiza primeiro encontro da Jornada de Capacita\u00e7\u00e3o em Belo Horizonte\t\t\t<\/a>\n\t\t<\/h3>\n\t\t\t\t<div class=\"elementor-post__excerpt\">\n\t\t\t<p>O Centro de Forma\u00e7\u00e3o Pol\u00edtica e Humana da Funda\u00e7\u00e3o Bar\u00e3o e Visconde de Mau\u00e1 realizou, nesta semana, em Belo Horizonte (MG), o primeiro encontro da<\/p>\n\t\t<\/div>\n\t\t\n\t\t<a class=\"elementor-post__read-more\" href=\"https:\/\/fbvm.org.br\/?p=629\" aria-label=\"Read more about Centro de Forma\u00e7\u00e3o da Funda\u00e7\u00e3o Mau\u00e1 realiza primeiro encontro da Jornada de Capacita\u00e7\u00e3o em Belo Horizonte\" tabindex=\"-1\" >\n\t\t\tLer Mais \u00bb\t\t<\/a>\n\n\t\t\t\t<\/div>\n\t\t\t\t<div class=\"elementor-post__meta-data\">\n\t\t\t\t\t<span class=\"elementor-post-date\">\n\t\t\t6 de mar\u00e7o de 2026\t\t<\/span>\n\t\t\t\t<\/div>\n\t\t\t\t\t<\/div>\n\t\t<\/article>\n\t\t\t\t<article class=\"elementor-post elementor-grid-item post-615 post type-post status-publish format-standard has-post-thumbnail hentry category-sem-categoria\">\n\t\t\t<div class=\"elementor-post__card\">\n\t\t\t\t<a class=\"elementor-post__thumbnail__link\" href=\"https:\/\/fbvm.org.br\/?p=615\" tabindex=\"-1\" ><div class=\"elementor-post__thumbnail\"><img decoding=\"async\" width=\"300\" height=\"283\" src=\"https:\/\/fbvm.org.br\/wp-content\/uploads\/2026\/01\/WhatsApp-Image-2026-01-22-at-06.31.21-300x283.jpeg\" class=\"attachment-medium size-medium wp-image-616\" alt=\"\" srcset=\"https:\/\/fbvm.org.br\/wp-content\/uploads\/2026\/01\/WhatsApp-Image-2026-01-22-at-06.31.21-300x283.jpeg 300w, https:\/\/fbvm.org.br\/wp-content\/uploads\/2026\/01\/WhatsApp-Image-2026-01-22-at-06.31.21-1024x968.jpeg 1024w, https:\/\/fbvm.org.br\/wp-content\/uploads\/2026\/01\/WhatsApp-Image-2026-01-22-at-06.31.21-768x726.jpeg 768w, https:\/\/fbvm.org.br\/wp-content\/uploads\/2026\/01\/WhatsApp-Image-2026-01-22-at-06.31.21.jpeg 1179w\" sizes=\"(max-width: 300px) 100vw, 300px\" \/><\/div><\/a>\n\t\t\t\t<div class=\"elementor-post__text\">\n\t\t\t\t<h3 class=\"elementor-post__title\">\n\t\t\t<a href=\"https:\/\/fbvm.org.br\/?p=615\" >\n\t\t\t\tEm breve: novos cursos de Forma\u00e7\u00e3o Pol\u00edtica e Humana\t\t\t<\/a>\n\t\t<\/h3>\n\t\t\t\t<div class=\"elementor-post__excerpt\">\n\t\t\t<p>A Funda\u00e7\u00e3o Bar\u00e3o e Visconde de Mau\u00e1 avan\u00e7a em sua miss\u00e3o de fortalecer a democracia e anuncia que, em breve, estar\u00e3o dispon\u00edveis os cursos do<\/p>\n\t\t<\/div>\n\t\t\n\t\t<a class=\"elementor-post__read-more\" href=\"https:\/\/fbvm.org.br\/?p=615\" aria-label=\"Read more about Em breve: novos cursos de Forma\u00e7\u00e3o Pol\u00edtica e Humana\" tabindex=\"-1\" >\n\t\t\tLer Mais \u00bb\t\t<\/a>\n\n\t\t\t\t<\/div>\n\t\t\t\t<div class=\"elementor-post__meta-data\">\n\t\t\t\t\t<span class=\"elementor-post-date\">\n\t\t\t22 de janeiro de 2026\t\t<\/span>\n\t\t\t\t<\/div>\n\t\t\t\t\t<\/div>\n\t\t<\/article>\n\t\t\t\t<article class=\"elementor-post elementor-grid-item post-611 post type-post status-publish format-standard has-post-thumbnail hentry category-sem-categoria\">\n\t\t\t<div class=\"elementor-post__card\">\n\t\t\t\t<a class=\"elementor-post__thumbnail__link\" href=\"https:\/\/fbvm.org.br\/?p=611\" tabindex=\"-1\" ><div class=\"elementor-post__thumbnail\"><img loading=\"lazy\" decoding=\"async\" width=\"300\" height=\"168\" src=\"https:\/\/fbvm.org.br\/wp-content\/uploads\/2025\/09\/WhatsApp-Image-2025-09-23-at-14.34.03.jpeg\" class=\"attachment-medium size-medium wp-image-612\" alt=\"\" \/><\/div><\/a>\n\t\t\t\t<div class=\"elementor-post__text\">\n\t\t\t\t<h3 class=\"elementor-post__title\">\n\t\t\t<a href=\"https:\/\/fbvm.org.br\/?p=611\" >\n\t\t\t\tA for\u00e7a da internet e da mobiliza\u00e7\u00e3o digital da Gera\u00e7\u00e3o Z\t\t\t<\/a>\n\t\t<\/h3>\n\t\t\t\t<div class=\"elementor-post__excerpt\">\n\t\t\t<p>A crise pol\u00edtica que culminou na nomea\u00e7\u00e3o de Sushila Karki como primeira-ministra interina do Nepal evidenciou, de forma in\u00e9dita, o poder da Gera\u00e7\u00e3o Z conectada.<\/p>\n\t\t<\/div>\n\t\t\n\t\t<a class=\"elementor-post__read-more\" href=\"https:\/\/fbvm.org.br\/?p=611\" aria-label=\"Read more about A for\u00e7a da internet e da mobiliza\u00e7\u00e3o digital da Gera\u00e7\u00e3o Z\" tabindex=\"-1\" >\n\t\t\tLer Mais \u00bb\t\t<\/a>\n\n\t\t\t\t<\/div>\n\t\t\t\t<div class=\"elementor-post__meta-data\">\n\t\t\t\t\t<span class=\"elementor-post-date\">\n\t\t\t23 de setembro de 2025\t\t<\/span>\n\t\t\t\t<\/div>\n\t\t\t\t\t<\/div>\n\t\t<\/article>\n\t\t\t\t<article class=\"elementor-post elementor-grid-item post-607 post type-post status-publish format-standard has-post-thumbnail hentry category-sem-categoria\">\n\t\t\t<div class=\"elementor-post__card\">\n\t\t\t\t<a class=\"elementor-post__thumbnail__link\" href=\"https:\/\/fbvm.org.br\/?p=607\" tabindex=\"-1\" ><div class=\"elementor-post__thumbnail\"><img loading=\"lazy\" decoding=\"async\" width=\"300\" height=\"300\" src=\"https:\/\/fbvm.org.br\/wp-content\/uploads\/2025\/08\/WhatsApp-Image-2025-08-04-at-14.03.06-300x300.jpeg\" class=\"attachment-medium size-medium wp-image-608\" alt=\"\" srcset=\"https:\/\/fbvm.org.br\/wp-content\/uploads\/2025\/08\/WhatsApp-Image-2025-08-04-at-14.03.06-300x300.jpeg 300w, https:\/\/fbvm.org.br\/wp-content\/uploads\/2025\/08\/WhatsApp-Image-2025-08-04-at-14.03.06-150x150.jpeg 150w, https:\/\/fbvm.org.br\/wp-content\/uploads\/2025\/08\/WhatsApp-Image-2025-08-04-at-14.03.06-768x768.jpeg 768w, https:\/\/fbvm.org.br\/wp-content\/uploads\/2025\/08\/WhatsApp-Image-2025-08-04-at-14.03.06.jpeg 1024w\" sizes=\"(max-width: 300px) 100vw, 300px\" \/><\/div><\/a>\n\t\t\t\t<div class=\"elementor-post__text\">\n\t\t\t\t<h3 class=\"elementor-post__title\">\n\t\t\t<a href=\"https:\/\/fbvm.org.br\/?p=607\" >\n\t\t\t\tO Papel do Legislativo Municipal no S\u00e9culo XXI: Inova\u00e7\u00e3o, Fiscaliza\u00e7\u00e3o e Escuta Ativa\t\t\t<\/a>\n\t\t<\/h3>\n\t\t\t\t<div class=\"elementor-post__excerpt\">\n\t\t\t<p>Em um Brasil cada vez mais conectado, diverso e exigente, as c\u00e2maras municipais precisam se reinventar. Muito al\u00e9m de sua fun\u00e7\u00e3o tradicional de legislar e<\/p>\n\t\t<\/div>\n\t\t\n\t\t<a class=\"elementor-post__read-more\" href=\"https:\/\/fbvm.org.br\/?p=607\" aria-label=\"Read more about O Papel do Legislativo Municipal no S\u00e9culo XXI: Inova\u00e7\u00e3o, Fiscaliza\u00e7\u00e3o e Escuta Ativa\" tabindex=\"-1\" >\n\t\t\tLer Mais \u00bb\t\t<\/a>\n\n\t\t\t\t<\/div>\n\t\t\t\t<div class=\"elementor-post__meta-data\">\n\t\t\t\t\t<span class=\"elementor-post-date\">\n\t\t\t4 de agosto de 2025\t\t<\/span>\n\t\t\t\t<\/div>\n\t\t\t\t\t<\/div>\n\t\t<\/article>\n\t\t\t\t<article class=\"elementor-post elementor-grid-item post-603 post type-post status-publish format-standard has-post-thumbnail hentry category-sem-categoria\">\n\t\t\t<div class=\"elementor-post__card\">\n\t\t\t\t<a class=\"elementor-post__thumbnail__link\" href=\"https:\/\/fbvm.org.br\/?p=603\" tabindex=\"-1\" ><div class=\"elementor-post__thumbnail\"><img loading=\"lazy\" decoding=\"async\" width=\"300\" height=\"200\" src=\"https:\/\/fbvm.org.br\/wp-content\/uploads\/2025\/06\/simon-maage-tXiMrX3Gc-g-unsplash-1-300x200.jpg\" class=\"attachment-medium size-medium wp-image-604\" alt=\"\" srcset=\"https:\/\/fbvm.org.br\/wp-content\/uploads\/2025\/06\/simon-maage-tXiMrX3Gc-g-unsplash-1-300x200.jpg 300w, https:\/\/fbvm.org.br\/wp-content\/uploads\/2025\/06\/simon-maage-tXiMrX3Gc-g-unsplash-1-1024x684.jpg 1024w, https:\/\/fbvm.org.br\/wp-content\/uploads\/2025\/06\/simon-maage-tXiMrX3Gc-g-unsplash-1-768x513.jpg 768w, https:\/\/fbvm.org.br\/wp-content\/uploads\/2025\/06\/simon-maage-tXiMrX3Gc-g-unsplash-1-1536x1026.jpg 1536w, https:\/\/fbvm.org.br\/wp-content\/uploads\/2025\/06\/simon-maage-tXiMrX3Gc-g-unsplash-1-2048x1368.jpg 2048w\" sizes=\"(max-width: 300px) 100vw, 300px\" \/><\/div><\/a>\n\t\t\t\t<div class=\"elementor-post__text\">\n\t\t\t\t<h3 class=\"elementor-post__title\">\n\t\t\t<a href=\"https:\/\/fbvm.org.br\/?p=603\" >\n\t\t\t\tO papel da juventude na reconstru\u00e7\u00e3o da pol\u00edtica brasileira\t\t\t<\/a>\n\t\t<\/h3>\n\t\t\t\t<div class=\"elementor-post__excerpt\">\n\t\t\t<p>O Brasil vive um paradoxo: enquanto boa parte da juventude demonstra indigna\u00e7\u00e3o com os rumos da pol\u00edtica, poucos se veem ocupando espa\u00e7os de poder. O<\/p>\n\t\t<\/div>\n\t\t\n\t\t<a class=\"elementor-post__read-more\" href=\"https:\/\/fbvm.org.br\/?p=603\" aria-label=\"Read more about O papel da juventude na reconstru\u00e7\u00e3o da pol\u00edtica brasileira\" tabindex=\"-1\" >\n\t\t\tLer Mais \u00bb\t\t<\/a>\n\n\t\t\t\t<\/div>\n\t\t\t\t<div class=\"elementor-post__meta-data\">\n\t\t\t\t\t<span class=\"elementor-post-date\">\n\t\t\t16 de junho de 2025\t\t<\/span>\n\t\t\t\t<\/div>\n\t\t\t\t\t<\/div>\n\t\t<\/article>\n\t\t\t\t<\/div>\n\t\t\t\t\t<span class=\"e-load-more-spinner\">\n\t\t\t\t<svg aria-hidden=\"true\" class=\"e-font-icon-svg e-fas-spinner\" viewBox=\"0 0 512 512\" xmlns=\"http:\/\/www.w3.org\/2000\/svg\"><path d=\"M304 48c0 26.51-21.49 48-48 48s-48-21.49-48-48 21.49-48 48-48 48 21.49 48 48zm-48 368c-26.51 0-48 21.49-48 48s21.49 48 48 48 48-21.49 48-48-21.49-48-48-48zm208-208c-26.51 0-48 21.49-48 48s21.49 48 48 48 48-21.49 48-48-21.49-48-48-48zM96 256c0-26.51-21.49-48-48-48S0 229.49 0 256s21.49 48 48 48 48-21.49 48-48zm12.922 99.078c-26.51 0-48 21.49-48 48s21.49 48 48 48 48-21.49 48-48c0-26.509-21.491-48-48-48zm294.156 0c-26.51 0-48 21.49-48 48s21.49 48 48 48 48-21.49 48-48c0-26.509-21.49-48-48-48zM108.922 60.922c-26.51 0-48 21.49-48 48s21.49 48 48 48 48-21.49 48-48-21.491-48-48-48z\"><\/path><\/svg>\t\t\t<\/span>\n\t\t\n\t\t\t\t<div class=\"e-load-more-anchor\" data-page=\"1\" data-max-page=\"2\" data-next-page=\"https:\/\/fbvm.org.br\/index.php?rest_route=%2Fwp%2Fv2%2Fpages%2F30&#038;paged=2\"><\/div>\n\t\t\t\t<div class=\"elementor-button-wrapper\">\n\t\t\t<a href=\"#\" class=\"elementor-button-link elementor-button\" role=\"button\">\n\t\t\t\t\t\t<span class=\"elementor-button-content-wrapper\">\n\t\t\t\t\t\t<span class=\"elementor-button-text\">Carregar Mais Not\u00edcias<\/span>\n\t\t<\/span>\n\t\t\t\t\t<\/a>\n\t\t<\/div>\n\t\t\t\t<div class=\"e-load-more-message\">N\u00e3o h\u00e1 mais not\u00edcias.<\/div>\n\t\t\t\t<\/div>\n\t\t\t\t<\/div>\n\t\t\t\t\t<\/div>\n\t\t\t\t<\/div>\n\t\t\t\t<\/div>\n\t\t","protected":false},"excerpt":{"rendered":"","protected":false},"author":1,"featured_media":0,"parent":0,"menu_order":0,"comment_status":"closed","ping_status":"closed","template":"","meta":{"footnotes":""},"class_list":["post-30","page","type-page","status-publish","hentry"],"_links":{"self":[{"href":"https:\/\/fbvm.org.br\/index.php?rest_route=\/wp\/v2\/pages\/30","targetHints":{"allow":["GET"]}}],"collection":[{"href":"https:\/\/fbvm.org.br\/index.php?rest_route=\/wp\/v2\/pages"}],"about":[{"href":"https:\/\/fbvm.org.br\/index.php?rest_route=\/wp\/v2\/types\/page"}],"author":[{"embeddable":true,"href":"https:\/\/fbvm.org.br\/index.php?rest_route=\/wp\/v2\/users\/1"}],"replies":[{"embeddable":true,"href":"https:\/\/fbvm.org.br\/index.php?rest_route=%2Fwp%2Fv2%2Fcomments&post=30"}],"version-history":[{"count":31,"href":"https:\/\/fbvm.org.br\/index.php?rest_route=\/wp\/v2\/pages\/30\/revisions"}],"predecessor-version":[{"id":447,"href":"https:\/\/fbvm.org.br\/index.php?rest_route=\/wp\/v2\/pages\/30\/revisions\/447"}],"wp:attachment":[{"href":"https:\/\/fbvm.org.br\/index.php?rest_route=%2Fwp%2Fv2%2Fmedia&parent=30"}],"curies":[{"name":"wp","href":"https:\/\/api.w.org\/{rel}","templated":true}]}}